{"id":6032,"date":"2023-01-23T14:11:05","date_gmt":"2023-01-23T13:11:05","guid":{"rendered":"https:\/\/karolekskleppolski.it\/?post_type=product&#038;p=6032"},"modified":"2023-01-23T14:11:44","modified_gmt":"2023-01-23T13:11:44","slug":"delma","status":"publish","type":"product","link":"https:\/\/karolekskleppolski.it\/pl\/product\/delma\/","title":{"rendered":"Delma"},"content":{"rendered":"<p><strong>Wielko\u015b\u0107 opakowania:<\/strong><\/p>\n<p>450 g<\/p>","protected":false},"excerpt":{"rendered":"<p>Doskona\u0142y, delikatny smak i szeroki wyb\u00f3r wariant\u00f3w \u2013 to dzi\u0119ki tym cechom produkty marki Delma goszcz\u0105 w tak wielu polskich domach od ponad 20 lat. Charakteryzuj\u0105ce si\u0119 wysok\u0105 jako\u015bci\u0105 i wyj\u0105tkowym smakiem, stanowi\u0105 idealny dodatek do pysznych kanapek dla ca\u0142ej rodziny. Co wi\u0119cej, teraz dost\u0119pna jest nowa ulepszona Delma ma\u015blany smak 80% t\u0142uszczu. Dzi\u0119ki zmianie receptury jest doskona\u0142a zar\u00f3wno do smarownia, jak i gotowania i sma\u017cenia! To jeszcze lepszy, bardziej ma\u015blany smak i uniwersalno\u015b\u0107 zastosowania. Wygodna w u\u017cyciu i jedna do wszystkiego. Nadaje ma\u015blany smak ka\u017cdej potrawie!<\/p>","protected":false},"featured_media":6033,"comment_status":"open","ping_status":"closed","template":"","meta":{"site-sidebar-layout":"default","site-content-layout":"default","ast-global-header-display":"","ast-main-header-display":"","ast-hfb-above-header-display":"","ast-hfb-below-header-display":"","ast-hfb-mobile-header-display":"","site-post-title":"","ast-breadcrumbs-content":"","ast-featured-img":"","footer-sml-layout":"","theme-transparent-header-meta":"default","adv-header-id-meta":"","stick-header-meta":"","header-above-stick-meta":"","header-main-stick-meta":"","header-below-stick-meta":""},"product_brand":[],"product_cat":[41],"product_tag":[],"class_list":{"0":"post-6032","1":"product","2":"type-product","3":"status-publish","4":"has-post-thumbnail","6":"product_cat-nabial","7":"desktop-align-center","8":"tablet-align-center","9":"mobile-align-center","11":"first","12":"instock","13":"shipping-taxable","14":"purchasable","15":"product-type-variable"},"yoast_head":"<!-- This site is optimized with the Yoast SEO plugin v27.6 - https:\/\/yoast.com\/product\/yoast-seo-wordpress\/ -->\n<title>Delma - Karolek Sklep Polski<\/title>\n<meta name=\"robots\" content=\"index, follow, max-snippet:-1, max-image-preview:large, max-video-preview:-1\" \/>\n<link rel=\"canonical\" href=\"https:\/\/karolekskleppolski.it\/pl\/product\/delma\/\" \/>\n<meta property=\"og:locale\" content=\"pl_PL\" \/>\n<meta property=\"og:type\" content=\"article\" \/>\n<meta property=\"og:title\" content=\"Delma - Karolek Sklep Polski\" \/>\n<meta property=\"og:description\" content=\"Doskona\u0142y, delikatny smak i szeroki wyb\u00f3r wariant\u00f3w \u2013 to dzi\u0119ki tym cechom produkty marki Delma goszcz\u0105 w tak wielu polskich domach od ponad 20 lat. Charakteryzuj\u0105ce si\u0119 wysok\u0105 jako\u015bci\u0105 i wyj\u0105tkowym smakiem, stanowi\u0105 idealny dodatek do pysznych kanapek dla ca\u0142ej rodziny. Co wi\u0119cej, teraz dost\u0119pna jest nowa ulepszona Delma ma\u015blany smak 80% t\u0142uszczu. Dzi\u0119ki zmianie receptury jest doskona\u0142a zar\u00f3wno do smarownia, jak i gotowania i sma\u017cenia! To jeszcze lepszy, bardziej ma\u015blany smak i uniwersalno\u015b\u0107 zastosowania. Wygodna w u\u017cyciu i jedna do wszystkiego. Nadaje ma\u015blany smak ka\u017cdej potrawie!\" \/>\n<meta property=\"og:url\" content=\"https:\/\/karolekskleppolski.it\/pl\/product\/delma\/\" \/>\n<meta property=\"og:site_name\" content=\"Karolek Sklep Polski\" \/>\n<meta property=\"article:publisher\" content=\"https:\/\/www.facebook.com\/profile.php?id=100063585930649\" \/>\n<meta property=\"article:modified_time\" content=\"2023-01-23T13:11:44+00:00\" \/>\n<meta property=\"og:image\" content=\"https:\/\/karolekskleppolski.it\/wp-content\/uploads\/2023\/01\/delma.jpeg\" \/>\n\t<meta property=\"og:image:width\" content=\"1201\" \/>\n\t<meta property=\"og:image:height\" content=\"1600\" \/>\n\t<meta property=\"og:image:type\" content=\"image\/jpeg\" \/>\n<meta name=\"twitter:card\" content=\"summary_large_image\" \/>\n<meta name=\"twitter:label1\" content=\"Szacowany czas czytania\" \/>\n\t<meta name=\"twitter:data1\" content=\"1 minuta\" \/>\n<script type=\"application\/ld+json\" class=\"yoast-schema-graph\">{\"@context\":\"https:\\\/\\\/schema.org\",\"@graph\":[{\"@type\":\"WebPage\",\"@id\":\"https:\\\/\\\/karolekskleppolski.it\\\/product\\\/delma\\\/\",\"url\":\"https:\\\/\\\/karolekskleppolski.it\\\/product\\\/delma\\\/\",\"name\":\"Delma - Karolek Sklep Polski\",\"isPartOf\":{\"@id\":\"https:\\\/\\\/karolekskleppolski.it\\\/#website\"},\"primaryImageOfPage\":{\"@id\":\"https:\\\/\\\/karolekskleppolski.it\\\/product\\\/delma\\\/#primaryimage\"},\"image\":{\"@id\":\"https:\\\/\\\/karolekskleppolski.it\\\/product\\\/delma\\\/#primaryimage\"},\"thumbnailUrl\":\"https:\\\/\\\/karolekskleppolski.it\\\/wp-content\\\/uploads\\\/2023\\\/01\\\/delma.jpeg\",\"datePublished\":\"2023-01-23T13:11:05+00:00\",\"dateModified\":\"2023-01-23T13:11:44+00:00\",\"breadcrumb\":{\"@id\":\"https:\\\/\\\/karolekskleppolski.it\\\/product\\\/delma\\\/#breadcrumb\"},\"inLanguage\":\"pl-PL\",\"potentialAction\":[{\"@type\":\"ReadAction\",\"target\":[\"https:\\\/\\\/karolekskleppolski.it\\\/product\\\/delma\\\/\"]}]},{\"@type\":\"ImageObject\",\"inLanguage\":\"pl-PL\",\"@id\":\"https:\\\/\\\/karolekskleppolski.it\\\/product\\\/delma\\\/#primaryimage\",\"url\":\"https:\\\/\\\/karolekskleppolski.it\\\/wp-content\\\/uploads\\\/2023\\\/01\\\/delma.jpeg\",\"contentUrl\":\"https:\\\/\\\/karolekskleppolski.it\\\/wp-content\\\/uploads\\\/2023\\\/01\\\/delma.jpeg\",\"width\":1201,\"height\":1600},{\"@type\":\"BreadcrumbList\",\"@id\":\"https:\\\/\\\/karolekskleppolski.it\\\/product\\\/delma\\\/#breadcrumb\",\"itemListElement\":[{\"@type\":\"ListItem\",\"position\":1,\"name\":\"Home\",\"item\":\"https:\\\/\\\/karolekskleppolski.it\\\/\"},{\"@type\":\"ListItem\",\"position\":2,\"name\":\"Produkty\",\"item\":\"https:\\\/\\\/karolekskleppolski.it\\\/pl\\\/shop\\\/\"},{\"@type\":\"ListItem\",\"position\":3,\"name\":\"Delma\"}]},{\"@type\":\"WebSite\",\"@id\":\"https:\\\/\\\/karolekskleppolski.it\\\/#website\",\"url\":\"https:\\\/\\\/karolekskleppolski.it\\\/\",\"name\":\"Karolek Sklep Polski\",\"description\":\"Karolek - sklep z produktami polskimi\",\"potentialAction\":[{\"@type\":\"SearchAction\",\"target\":{\"@type\":\"EntryPoint\",\"urlTemplate\":\"https:\\\/\\\/karolekskleppolski.it\\\/?s={search_term_string}\"},\"query-input\":{\"@type\":\"PropertyValueSpecification\",\"valueRequired\":true,\"valueName\":\"search_term_string\"}}],\"inLanguage\":\"pl-PL\"}]}<\/script>\n<!-- \/ Yoast SEO plugin. -->","yoast_head_json":{"title":"Delma - Karolek Sklep Polski","robots":{"index":"index","follow":"follow","max-snippet":"max-snippet:-1","max-image-preview":"max-image-preview:large","max-video-preview":"max-video-preview:-1"},"canonical":"https:\/\/karolekskleppolski.it\/pl\/product\/delma\/","og_locale":"pl_PL","og_type":"article","og_title":"Delma - Karolek Sklep Polski","og_description":"Doskona\u0142y, delikatny smak i szeroki wyb\u00f3r wariant\u00f3w \u2013 to dzi\u0119ki tym cechom produkty marki Delma goszcz\u0105 w tak wielu polskich domach od ponad 20 lat. Charakteryzuj\u0105ce si\u0119 wysok\u0105 jako\u015bci\u0105 i wyj\u0105tkowym smakiem, stanowi\u0105 idealny dodatek do pysznych kanapek dla ca\u0142ej rodziny. Co wi\u0119cej, teraz dost\u0119pna jest nowa ulepszona Delma ma\u015blany smak 80% t\u0142uszczu. Dzi\u0119ki zmianie receptury jest doskona\u0142a zar\u00f3wno do smarownia, jak i gotowania i sma\u017cenia! To jeszcze lepszy, bardziej ma\u015blany smak i uniwersalno\u015b\u0107 zastosowania. Wygodna w u\u017cyciu i jedna do wszystkiego. Nadaje ma\u015blany smak ka\u017cdej potrawie!","og_url":"https:\/\/karolekskleppolski.it\/pl\/product\/delma\/","og_site_name":"Karolek Sklep Polski","article_publisher":"https:\/\/www.facebook.com\/profile.php?id=100063585930649","article_modified_time":"2023-01-23T13:11:44+00:00","og_image":[{"width":1201,"height":1600,"url":"https:\/\/karolekskleppolski.it\/wp-content\/uploads\/2023\/01\/delma.jpeg","type":"image\/jpeg"}],"twitter_card":"summary_large_image","twitter_misc":{"Szacowany czas czytania":"1 minuta"},"schema":{"@context":"https:\/\/schema.org","@graph":[{"@type":"WebPage","@id":"https:\/\/karolekskleppolski.it\/product\/delma\/","url":"https:\/\/karolekskleppolski.it\/product\/delma\/","name":"Delma - Karolek Sklep Polski","isPartOf":{"@id":"https:\/\/karolekskleppolski.it\/#website"},"primaryImageOfPage":{"@id":"https:\/\/karolekskleppolski.it\/product\/delma\/#primaryimage"},"image":{"@id":"https:\/\/karolekskleppolski.it\/product\/delma\/#primaryimage"},"thumbnailUrl":"https:\/\/karolekskleppolski.it\/wp-content\/uploads\/2023\/01\/delma.jpeg","datePublished":"2023-01-23T13:11:05+00:00","dateModified":"2023-01-23T13:11:44+00:00","breadcrumb":{"@id":"https:\/\/karolekskleppolski.it\/product\/delma\/#breadcrumb"},"inLanguage":"pl-PL","potentialAction":[{"@type":"ReadAction","target":["https:\/\/karolekskleppolski.it\/product\/delma\/"]}]},{"@type":"ImageObject","inLanguage":"pl-PL","@id":"https:\/\/karolekskleppolski.it\/product\/delma\/#primaryimage","url":"https:\/\/karolekskleppolski.it\/wp-content\/uploads\/2023\/01\/delma.jpeg","contentUrl":"https:\/\/karolekskleppolski.it\/wp-content\/uploads\/2023\/01\/delma.jpeg","width":1201,"height":1600},{"@type":"BreadcrumbList","@id":"https:\/\/karolekskleppolski.it\/product\/delma\/#breadcrumb","itemListElement":[{"@type":"ListItem","position":1,"name":"Home","item":"https:\/\/karolekskleppolski.it\/"},{"@type":"ListItem","position":2,"name":"Produkty","item":"https:\/\/karolekskleppolski.it\/pl\/shop\/"},{"@type":"ListItem","position":3,"name":"Delma"}]},{"@type":"WebSite","@id":"https:\/\/karolekskleppolski.it\/#website","url":"https:\/\/karolekskleppolski.it\/","name":"Karolek Sklep Polski","description":"Karolek - sklep z produktami polskimi","potentialAction":[{"@type":"SearchAction","target":{"@type":"EntryPoint","urlTemplate":"https:\/\/karolekskleppolski.it\/?s={search_term_string}"},"query-input":{"@type":"PropertyValueSpecification","valueRequired":true,"valueName":"search_term_string"}}],"inLanguage":"pl-PL"}]}},"jetpack_sharing_enabled":true,"_links":{"self":[{"href":"https:\/\/karolekskleppolski.it\/pl\/wp-json\/wp\/v2\/product\/6032","targetHints":{"allow":["GET"]}}],"collection":[{"href":"https:\/\/karolekskleppolski.it\/pl\/wp-json\/wp\/v2\/product"}],"about":[{"href":"https:\/\/karolekskleppolski.it\/pl\/wp-json\/wp\/v2\/types\/product"}],"replies":[{"embeddable":true,"href":"https:\/\/karolekskleppolski.it\/pl\/wp-json\/wp\/v2\/comments?post=6032"}],"wp:featuredmedia":[{"embeddable":true,"href":"https:\/\/karolekskleppolski.it\/pl\/wp-json\/wp\/v2\/media\/6033"}],"wp:attachment":[{"href":"https:\/\/karolekskleppolski.it\/pl\/wp-json\/wp\/v2\/media?parent=6032"}],"wp:term":[{"taxonomy":"product_brand","embeddable":true,"href":"https:\/\/karolekskleppolski.it\/pl\/wp-json\/wp\/v2\/product_brand?post=6032"},{"taxonomy":"product_cat","embeddable":true,"href":"https:\/\/karolekskleppolski.it\/pl\/wp-json\/wp\/v2\/product_cat?post=6032"},{"taxonomy":"product_tag","embeddable":true,"href":"https:\/\/karolekskleppolski.it\/pl\/wp-json\/wp\/v2\/product_tag?post=6032"}],"curies":[{"name":"wp","href":"https:\/\/api.w.org\/{rel}","templated":true}]}}