{"id":5956,"date":"2023-01-20T13:13:28","date_gmt":"2023-01-20T12:13:28","guid":{"rendered":"https:\/\/karolekskleppolski.it\/?post_type=product&#038;p=5956"},"modified":"2023-01-20T13:13:29","modified_gmt":"2023-01-20T12:13:29","slug":"twarog-sernikowy-piatnica","status":"publish","type":"product","link":"https:\/\/karolekskleppolski.it\/pl\/product\/twarog-sernikowy-piatnica\/","title":{"rendered":"Twar\u00f3g sernikowy Pi\u0105tnica"},"content":{"rendered":"<p><strong>Wielko\u015b\u0107 opakowania:<\/strong><\/p>\n<p>1 kg<\/p>","protected":false},"excerpt":{"rendered":"<p>Tradycyjny, pachn\u0105cy polski sernik, jak u babci, nie powstanie bez doskona\u0142ego twarogu. A najlepszy twar\u00f3g to taki z dobrego, swojskiego mleka, odpowiednio g\u0119sty i t\u0142usty. Nasz Twar\u00f3g Sernikowy Mielony w\u0142a\u015bnie taki jest. Z naturalnych, prostych sk\u0142adnik\u00f3w, bez konserwant\u00f3w i sztucznych aromat\u00f3w \u2013 niczym domowy. W\u0142a\u015bciwe proporcje \u015bmietankowego serka i twarogu sprawiaj\u0105, \u017ce nie musisz dodawa\u0107 ju\u017c mas\u0142a czy margaryny. I bez tego upieczesz idealnie puszyste serowe ciasto i przygotujesz bogaty w smaku, \u015bmietankowy farsz nale\u015bnik\u00f3w lub babeczek.<\/p>","protected":false},"featured_media":5957,"comment_status":"open","ping_status":"closed","template":"","meta":{"site-sidebar-layout":"default","site-content-layout":"default","ast-global-header-display":"","ast-main-header-display":"","ast-hfb-above-header-display":"","ast-hfb-below-header-display":"","ast-hfb-mobile-header-display":"","site-post-title":"","ast-breadcrumbs-content":"","ast-featured-img":"","footer-sml-layout":"","theme-transparent-header-meta":"default","adv-header-id-meta":"","stick-header-meta":"","header-above-stick-meta":"","header-main-stick-meta":"","header-below-stick-meta":""},"product_brand":[],"product_cat":[41],"product_tag":[],"class_list":{"0":"post-5956","1":"product","2":"type-product","3":"status-publish","4":"has-post-thumbnail","6":"product_cat-nabial","7":"desktop-align-center","8":"tablet-align-center","9":"mobile-align-center","11":"first","12":"instock","13":"shipping-taxable","14":"purchasable","15":"product-type-simple"},"yoast_head":"<!-- This site is optimized with the Yoast SEO plugin v27.6 - https:\/\/yoast.com\/product\/yoast-seo-wordpress\/ -->\n<title>Twar\u00f3g sernikowy Pi\u0105tnica - Karolek Sklep Polski<\/title>\n<meta name=\"robots\" content=\"index, follow, max-snippet:-1, max-image-preview:large, max-video-preview:-1\" \/>\n<link rel=\"canonical\" href=\"https:\/\/karolekskleppolski.it\/pl\/product\/twarog-sernikowy-piatnica\/\" \/>\n<meta property=\"og:locale\" content=\"pl_PL\" \/>\n<meta property=\"og:type\" content=\"article\" \/>\n<meta property=\"og:title\" content=\"Twar\u00f3g sernikowy Pi\u0105tnica - Karolek Sklep Polski\" \/>\n<meta property=\"og:description\" content=\"Tradycyjny, pachn\u0105cy polski sernik, jak u babci, nie powstanie bez doskona\u0142ego twarogu. A najlepszy twar\u00f3g to taki z dobrego, swojskiego mleka, odpowiednio g\u0119sty i t\u0142usty. Nasz Twar\u00f3g Sernikowy Mielony w\u0142a\u015bnie taki jest. Z naturalnych, prostych sk\u0142adnik\u00f3w, bez konserwant\u00f3w i sztucznych aromat\u00f3w \u2013 niczym domowy. W\u0142a\u015bciwe proporcje \u015bmietankowego serka i twarogu sprawiaj\u0105, \u017ce nie musisz dodawa\u0107 ju\u017c mas\u0142a czy margaryny. I bez tego upieczesz idealnie puszyste serowe ciasto i przygotujesz bogaty w smaku, \u015bmietankowy farsz nale\u015bnik\u00f3w lub babeczek.\" \/>\n<meta property=\"og:url\" content=\"https:\/\/karolekskleppolski.it\/pl\/product\/twarog-sernikowy-piatnica\/\" \/>\n<meta property=\"og:site_name\" content=\"Karolek Sklep Polski\" \/>\n<meta property=\"article:publisher\" content=\"https:\/\/www.facebook.com\/profile.php?id=100063585930649\" \/>\n<meta property=\"article:modified_time\" content=\"2023-01-20T12:13:29+00:00\" \/>\n<meta property=\"og:image\" content=\"https:\/\/karolekskleppolski.it\/wp-content\/uploads\/2023\/01\/twarog_sernikowy_mielony.png\" \/>\n\t<meta property=\"og:image:width\" content=\"460\" \/>\n\t<meta property=\"og:image:height\" content=\"358\" \/>\n\t<meta property=\"og:image:type\" content=\"image\/png\" \/>\n<meta name=\"twitter:card\" content=\"summary_large_image\" \/>\n<meta name=\"twitter:label1\" content=\"Szacowany czas czytania\" \/>\n\t<meta name=\"twitter:data1\" content=\"1 minuta\" \/>\n<script type=\"application\/ld+json\" class=\"yoast-schema-graph\">{\"@context\":\"https:\\\/\\\/schema.org\",\"@graph\":[{\"@type\":\"WebPage\",\"@id\":\"https:\\\/\\\/karolekskleppolski.it\\\/product\\\/twarog-sernikowy-piatnica\\\/\",\"url\":\"https:\\\/\\\/karolekskleppolski.it\\\/product\\\/twarog-sernikowy-piatnica\\\/\",\"name\":\"Twar\u00f3g sernikowy Pi\u0105tnica - Karolek Sklep Polski\",\"isPartOf\":{\"@id\":\"https:\\\/\\\/karolekskleppolski.it\\\/#website\"},\"primaryImageOfPage\":{\"@id\":\"https:\\\/\\\/karolekskleppolski.it\\\/product\\\/twarog-sernikowy-piatnica\\\/#primaryimage\"},\"image\":{\"@id\":\"https:\\\/\\\/karolekskleppolski.it\\\/product\\\/twarog-sernikowy-piatnica\\\/#primaryimage\"},\"thumbnailUrl\":\"https:\\\/\\\/karolekskleppolski.it\\\/wp-content\\\/uploads\\\/2023\\\/01\\\/twarog_sernikowy_mielony.png\",\"datePublished\":\"2023-01-20T12:13:28+00:00\",\"dateModified\":\"2023-01-20T12:13:29+00:00\",\"breadcrumb\":{\"@id\":\"https:\\\/\\\/karolekskleppolski.it\\\/product\\\/twarog-sernikowy-piatnica\\\/#breadcrumb\"},\"inLanguage\":\"pl-PL\",\"potentialAction\":[{\"@type\":\"ReadAction\",\"target\":[\"https:\\\/\\\/karolekskleppolski.it\\\/product\\\/twarog-sernikowy-piatnica\\\/\"]}]},{\"@type\":\"ImageObject\",\"inLanguage\":\"pl-PL\",\"@id\":\"https:\\\/\\\/karolekskleppolski.it\\\/product\\\/twarog-sernikowy-piatnica\\\/#primaryimage\",\"url\":\"https:\\\/\\\/karolekskleppolski.it\\\/wp-content\\\/uploads\\\/2023\\\/01\\\/twarog_sernikowy_mielony.png\",\"contentUrl\":\"https:\\\/\\\/karolekskleppolski.it\\\/wp-content\\\/uploads\\\/2023\\\/01\\\/twarog_sernikowy_mielony.png\",\"width\":460,\"height\":358},{\"@type\":\"BreadcrumbList\",\"@id\":\"https:\\\/\\\/karolekskleppolski.it\\\/product\\\/twarog-sernikowy-piatnica\\\/#breadcrumb\",\"itemListElement\":[{\"@type\":\"ListItem\",\"position\":1,\"name\":\"Home\",\"item\":\"https:\\\/\\\/karolekskleppolski.it\\\/\"},{\"@type\":\"ListItem\",\"position\":2,\"name\":\"Produkty\",\"item\":\"https:\\\/\\\/karolekskleppolski.it\\\/pl\\\/shop\\\/\"},{\"@type\":\"ListItem\",\"position\":3,\"name\":\"Twar\u00f3g sernikowy Pi\u0105tnica\"}]},{\"@type\":\"WebSite\",\"@id\":\"https:\\\/\\\/karolekskleppolski.it\\\/#website\",\"url\":\"https:\\\/\\\/karolekskleppolski.it\\\/\",\"name\":\"Karolek Sklep Polski\",\"description\":\"Karolek - sklep z produktami polskimi\",\"potentialAction\":[{\"@type\":\"SearchAction\",\"target\":{\"@type\":\"EntryPoint\",\"urlTemplate\":\"https:\\\/\\\/karolekskleppolski.it\\\/?s={search_term_string}\"},\"query-input\":{\"@type\":\"PropertyValueSpecification\",\"valueRequired\":true,\"valueName\":\"search_term_string\"}}],\"inLanguage\":\"pl-PL\"}]}<\/script>\n<!-- \/ Yoast SEO plugin. -->","yoast_head_json":{"title":"Twar\u00f3g sernikowy Pi\u0105tnica - Karolek Sklep Polski","robots":{"index":"index","follow":"follow","max-snippet":"max-snippet:-1","max-image-preview":"max-image-preview:large","max-video-preview":"max-video-preview:-1"},"canonical":"https:\/\/karolekskleppolski.it\/pl\/product\/twarog-sernikowy-piatnica\/","og_locale":"pl_PL","og_type":"article","og_title":"Twar\u00f3g sernikowy Pi\u0105tnica - Karolek Sklep Polski","og_description":"Tradycyjny, pachn\u0105cy polski sernik, jak u babci, nie powstanie bez doskona\u0142ego twarogu. A najlepszy twar\u00f3g to taki z dobrego, swojskiego mleka, odpowiednio g\u0119sty i t\u0142usty. Nasz Twar\u00f3g Sernikowy Mielony w\u0142a\u015bnie taki jest. Z naturalnych, prostych sk\u0142adnik\u00f3w, bez konserwant\u00f3w i sztucznych aromat\u00f3w \u2013 niczym domowy. W\u0142a\u015bciwe proporcje \u015bmietankowego serka i twarogu sprawiaj\u0105, \u017ce nie musisz dodawa\u0107 ju\u017c mas\u0142a czy margaryny. I bez tego upieczesz idealnie puszyste serowe ciasto i przygotujesz bogaty w smaku, \u015bmietankowy farsz nale\u015bnik\u00f3w lub babeczek.","og_url":"https:\/\/karolekskleppolski.it\/pl\/product\/twarog-sernikowy-piatnica\/","og_site_name":"Karolek Sklep Polski","article_publisher":"https:\/\/www.facebook.com\/profile.php?id=100063585930649","article_modified_time":"2023-01-20T12:13:29+00:00","og_image":[{"width":460,"height":358,"url":"https:\/\/karolekskleppolski.it\/wp-content\/uploads\/2023\/01\/twarog_sernikowy_mielony.png","type":"image\/png"}],"twitter_card":"summary_large_image","twitter_misc":{"Szacowany czas czytania":"1 minuta"},"schema":{"@context":"https:\/\/schema.org","@graph":[{"@type":"WebPage","@id":"https:\/\/karolekskleppolski.it\/product\/twarog-sernikowy-piatnica\/","url":"https:\/\/karolekskleppolski.it\/product\/twarog-sernikowy-piatnica\/","name":"Twar\u00f3g sernikowy Pi\u0105tnica - Karolek Sklep Polski","isPartOf":{"@id":"https:\/\/karolekskleppolski.it\/#website"},"primaryImageOfPage":{"@id":"https:\/\/karolekskleppolski.it\/product\/twarog-sernikowy-piatnica\/#primaryimage"},"image":{"@id":"https:\/\/karolekskleppolski.it\/product\/twarog-sernikowy-piatnica\/#primaryimage"},"thumbnailUrl":"https:\/\/karolekskleppolski.it\/wp-content\/uploads\/2023\/01\/twarog_sernikowy_mielony.png","datePublished":"2023-01-20T12:13:28+00:00","dateModified":"2023-01-20T12:13:29+00:00","breadcrumb":{"@id":"https:\/\/karolekskleppolski.it\/product\/twarog-sernikowy-piatnica\/#breadcrumb"},"inLanguage":"pl-PL","potentialAction":[{"@type":"ReadAction","target":["https:\/\/karolekskleppolski.it\/product\/twarog-sernikowy-piatnica\/"]}]},{"@type":"ImageObject","inLanguage":"pl-PL","@id":"https:\/\/karolekskleppolski.it\/product\/twarog-sernikowy-piatnica\/#primaryimage","url":"https:\/\/karolekskleppolski.it\/wp-content\/uploads\/2023\/01\/twarog_sernikowy_mielony.png","contentUrl":"https:\/\/karolekskleppolski.it\/wp-content\/uploads\/2023\/01\/twarog_sernikowy_mielony.png","width":460,"height":358},{"@type":"BreadcrumbList","@id":"https:\/\/karolekskleppolski.it\/product\/twarog-sernikowy-piatnica\/#breadcrumb","itemListElement":[{"@type":"ListItem","position":1,"name":"Home","item":"https:\/\/karolekskleppolski.it\/"},{"@type":"ListItem","position":2,"name":"Produkty","item":"https:\/\/karolekskleppolski.it\/pl\/shop\/"},{"@type":"ListItem","position":3,"name":"Twar\u00f3g sernikowy Pi\u0105tnica"}]},{"@type":"WebSite","@id":"https:\/\/karolekskleppolski.it\/#website","url":"https:\/\/karolekskleppolski.it\/","name":"Karolek Sklep Polski","description":"Karolek - sklep z produktami polskimi","potentialAction":[{"@type":"SearchAction","target":{"@type":"EntryPoint","urlTemplate":"https:\/\/karolekskleppolski.it\/?s={search_term_string}"},"query-input":{"@type":"PropertyValueSpecification","valueRequired":true,"valueName":"search_term_string"}}],"inLanguage":"pl-PL"}]}},"jetpack_sharing_enabled":true,"_links":{"self":[{"href":"https:\/\/karolekskleppolski.it\/pl\/wp-json\/wp\/v2\/product\/5956","targetHints":{"allow":["GET"]}}],"collection":[{"href":"https:\/\/karolekskleppolski.it\/pl\/wp-json\/wp\/v2\/product"}],"about":[{"href":"https:\/\/karolekskleppolski.it\/pl\/wp-json\/wp\/v2\/types\/product"}],"replies":[{"embeddable":true,"href":"https:\/\/karolekskleppolski.it\/pl\/wp-json\/wp\/v2\/comments?post=5956"}],"wp:featuredmedia":[{"embeddable":true,"href":"https:\/\/karolekskleppolski.it\/pl\/wp-json\/wp\/v2\/media\/5957"}],"wp:attachment":[{"href":"https:\/\/karolekskleppolski.it\/pl\/wp-json\/wp\/v2\/media?parent=5956"}],"wp:term":[{"taxonomy":"product_brand","embeddable":true,"href":"https:\/\/karolekskleppolski.it\/pl\/wp-json\/wp\/v2\/product_brand?post=5956"},{"taxonomy":"product_cat","embeddable":true,"href":"https:\/\/karolekskleppolski.it\/pl\/wp-json\/wp\/v2\/product_cat?post=5956"},{"taxonomy":"product_tag","embeddable":true,"href":"https:\/\/karolekskleppolski.it\/pl\/wp-json\/wp\/v2\/product_tag?post=5956"}],"curies":[{"name":"wp","href":"https:\/\/api.w.org\/{rel}","templated":true}]}}