{"id":5924,"date":"2023-01-20T08:13:57","date_gmt":"2023-01-20T07:13:57","guid":{"rendered":"https:\/\/karolekskleppolski.it\/?post_type=product&#038;p=5924"},"modified":"2023-01-20T08:14:29","modified_gmt":"2023-01-20T07:14:29","slug":"maslo-klarowane-mlekovita","status":"publish","type":"product","link":"https:\/\/karolekskleppolski.it\/pl\/product\/maslo-klarowane-mlekovita\/","title":{"rendered":"Mas\u0142o klarowane Mlekovita"},"content":{"rendered":"<p><strong>Wielko\u015b\u0107 opakowania:<\/strong><\/p>\n<p>500 g<\/p>","protected":false},"excerpt":{"rendered":"<p>MAS\u0141O TOPIONE (klarowane) tzw. \u201ep\u0142ynne z\u0142oto\u201d (znane tak\u017ce pod nazw\u0105 mas\u0142o GHEE), to ekskluzywny produkt, zawieraj\u0105cy wy\u0142\u0105cznie t\u0142uszcz mleczny, o\u00a0bursztynowej barwie, przyjemnym, lekko orzechowym aromacie oraz delikatnym smaku. Dostarcza wyj\u0105tkowego smaku i\u00a0aromatu wielu potrawom. Nie pali si\u0119 w\u00a0wysokich temperaturach. Nie wsi\u0105ka w\u00a0sma\u017cone potrawy, przez co jest bardzo wydajny.<\/p>","protected":false},"featured_media":5925,"comment_status":"open","ping_status":"closed","template":"","meta":{"site-sidebar-layout":"default","site-content-layout":"default","ast-global-header-display":"","ast-main-header-display":"","ast-hfb-above-header-display":"","ast-hfb-below-header-display":"","ast-hfb-mobile-header-display":"","site-post-title":"","ast-breadcrumbs-content":"","ast-featured-img":"","footer-sml-layout":"","theme-transparent-header-meta":"default","adv-header-id-meta":"","stick-header-meta":"","header-above-stick-meta":"","header-main-stick-meta":"","header-below-stick-meta":""},"product_brand":[],"product_cat":[41],"product_tag":[],"class_list":{"0":"post-5924","1":"product","2":"type-product","3":"status-publish","4":"has-post-thumbnail","6":"product_cat-nabial","7":"desktop-align-center","8":"tablet-align-center","9":"mobile-align-center","11":"first","12":"instock","13":"shipping-taxable","14":"purchasable","15":"product-type-simple"},"yoast_head":"<!-- This site is optimized with the Yoast SEO plugin v27.6 - https:\/\/yoast.com\/product\/yoast-seo-wordpress\/ -->\n<title>Mas\u0142o klarowane Mlekovita - Karolek Sklep Polski<\/title>\n<meta name=\"robots\" content=\"index, follow, max-snippet:-1, max-image-preview:large, max-video-preview:-1\" \/>\n<link rel=\"canonical\" href=\"https:\/\/karolekskleppolski.it\/pl\/product\/maslo-klarowane-mlekovita\/\" \/>\n<meta property=\"og:locale\" content=\"pl_PL\" \/>\n<meta property=\"og:type\" content=\"article\" \/>\n<meta property=\"og:title\" content=\"Mas\u0142o klarowane Mlekovita - Karolek Sklep Polski\" \/>\n<meta property=\"og:description\" content=\"MAS\u0141O TOPIONE (klarowane) tzw. \u201ep\u0142ynne z\u0142oto\u201d (znane tak\u017ce pod nazw\u0105 mas\u0142o GHEE), to ekskluzywny produkt, zawieraj\u0105cy wy\u0142\u0105cznie t\u0142uszcz mleczny, o\u00a0bursztynowej barwie, przyjemnym, lekko orzechowym aromacie oraz delikatnym smaku. Dostarcza wyj\u0105tkowego smaku i\u00a0aromatu wielu potrawom. Nie pali si\u0119 w\u00a0wysokich temperaturach. Nie wsi\u0105ka w\u00a0sma\u017cone potrawy, przez co jest bardzo wydajny.\" \/>\n<meta property=\"og:url\" content=\"https:\/\/karolekskleppolski.it\/pl\/product\/maslo-klarowane-mlekovita\/\" \/>\n<meta property=\"og:site_name\" content=\"Karolek Sklep Polski\" \/>\n<meta property=\"article:publisher\" content=\"https:\/\/www.facebook.com\/profile.php?id=100063585930649\" \/>\n<meta property=\"article:modified_time\" content=\"2023-01-20T07:14:29+00:00\" \/>\n<meta property=\"og:image\" content=\"https:\/\/karolekskleppolski.it\/wp-content\/uploads\/2023\/01\/maslo_klarowane_mlekovita.jpeg\" \/>\n\t<meta property=\"og:image:width\" content=\"1537\" \/>\n\t<meta property=\"og:image:height\" content=\"2048\" \/>\n\t<meta property=\"og:image:type\" content=\"image\/jpeg\" \/>\n<meta name=\"twitter:card\" content=\"summary_large_image\" \/>\n<meta name=\"twitter:label1\" content=\"Szacowany czas czytania\" \/>\n\t<meta name=\"twitter:data1\" content=\"1 minuta\" \/>\n<script type=\"application\/ld+json\" class=\"yoast-schema-graph\">{\"@context\":\"https:\\\/\\\/schema.org\",\"@graph\":[{\"@type\":\"WebPage\",\"@id\":\"https:\\\/\\\/karolekskleppolski.it\\\/product\\\/maslo-klarowane-mlekovita\\\/\",\"url\":\"https:\\\/\\\/karolekskleppolski.it\\\/product\\\/maslo-klarowane-mlekovita\\\/\",\"name\":\"Mas\u0142o klarowane Mlekovita - Karolek Sklep Polski\",\"isPartOf\":{\"@id\":\"https:\\\/\\\/karolekskleppolski.it\\\/#website\"},\"primaryImageOfPage\":{\"@id\":\"https:\\\/\\\/karolekskleppolski.it\\\/product\\\/maslo-klarowane-mlekovita\\\/#primaryimage\"},\"image\":{\"@id\":\"https:\\\/\\\/karolekskleppolski.it\\\/product\\\/maslo-klarowane-mlekovita\\\/#primaryimage\"},\"thumbnailUrl\":\"https:\\\/\\\/karolekskleppolski.it\\\/wp-content\\\/uploads\\\/2023\\\/01\\\/maslo_klarowane_mlekovita.jpeg\",\"datePublished\":\"2023-01-20T07:13:57+00:00\",\"dateModified\":\"2023-01-20T07:14:29+00:00\",\"breadcrumb\":{\"@id\":\"https:\\\/\\\/karolekskleppolski.it\\\/product\\\/maslo-klarowane-mlekovita\\\/#breadcrumb\"},\"inLanguage\":\"pl-PL\",\"potentialAction\":[{\"@type\":\"ReadAction\",\"target\":[\"https:\\\/\\\/karolekskleppolski.it\\\/product\\\/maslo-klarowane-mlekovita\\\/\"]}]},{\"@type\":\"ImageObject\",\"inLanguage\":\"pl-PL\",\"@id\":\"https:\\\/\\\/karolekskleppolski.it\\\/product\\\/maslo-klarowane-mlekovita\\\/#primaryimage\",\"url\":\"https:\\\/\\\/karolekskleppolski.it\\\/wp-content\\\/uploads\\\/2023\\\/01\\\/maslo_klarowane_mlekovita.jpeg\",\"contentUrl\":\"https:\\\/\\\/karolekskleppolski.it\\\/wp-content\\\/uploads\\\/2023\\\/01\\\/maslo_klarowane_mlekovita.jpeg\",\"width\":1537,\"height\":2048},{\"@type\":\"BreadcrumbList\",\"@id\":\"https:\\\/\\\/karolekskleppolski.it\\\/product\\\/maslo-klarowane-mlekovita\\\/#breadcrumb\",\"itemListElement\":[{\"@type\":\"ListItem\",\"position\":1,\"name\":\"Home\",\"item\":\"https:\\\/\\\/karolekskleppolski.it\\\/\"},{\"@type\":\"ListItem\",\"position\":2,\"name\":\"Produkty\",\"item\":\"https:\\\/\\\/karolekskleppolski.it\\\/pl\\\/shop\\\/\"},{\"@type\":\"ListItem\",\"position\":3,\"name\":\"Mas\u0142o klarowane Mlekovita\"}]},{\"@type\":\"WebSite\",\"@id\":\"https:\\\/\\\/karolekskleppolski.it\\\/#website\",\"url\":\"https:\\\/\\\/karolekskleppolski.it\\\/\",\"name\":\"Karolek Sklep Polski\",\"description\":\"Karolek - sklep z produktami polskimi\",\"potentialAction\":[{\"@type\":\"SearchAction\",\"target\":{\"@type\":\"EntryPoint\",\"urlTemplate\":\"https:\\\/\\\/karolekskleppolski.it\\\/?s={search_term_string}\"},\"query-input\":{\"@type\":\"PropertyValueSpecification\",\"valueRequired\":true,\"valueName\":\"search_term_string\"}}],\"inLanguage\":\"pl-PL\"}]}<\/script>\n<!-- \/ Yoast SEO plugin. -->","yoast_head_json":{"title":"Mas\u0142o klarowane Mlekovita - Karolek Sklep Polski","robots":{"index":"index","follow":"follow","max-snippet":"max-snippet:-1","max-image-preview":"max-image-preview:large","max-video-preview":"max-video-preview:-1"},"canonical":"https:\/\/karolekskleppolski.it\/pl\/product\/maslo-klarowane-mlekovita\/","og_locale":"pl_PL","og_type":"article","og_title":"Mas\u0142o klarowane Mlekovita - Karolek Sklep Polski","og_description":"MAS\u0141O TOPIONE (klarowane) tzw. \u201ep\u0142ynne z\u0142oto\u201d (znane tak\u017ce pod nazw\u0105 mas\u0142o GHEE), to ekskluzywny produkt, zawieraj\u0105cy wy\u0142\u0105cznie t\u0142uszcz mleczny, o\u00a0bursztynowej barwie, przyjemnym, lekko orzechowym aromacie oraz delikatnym smaku. Dostarcza wyj\u0105tkowego smaku i\u00a0aromatu wielu potrawom. Nie pali si\u0119 w\u00a0wysokich temperaturach. Nie wsi\u0105ka w\u00a0sma\u017cone potrawy, przez co jest bardzo wydajny.","og_url":"https:\/\/karolekskleppolski.it\/pl\/product\/maslo-klarowane-mlekovita\/","og_site_name":"Karolek Sklep Polski","article_publisher":"https:\/\/www.facebook.com\/profile.php?id=100063585930649","article_modified_time":"2023-01-20T07:14:29+00:00","og_image":[{"width":1537,"height":2048,"url":"https:\/\/karolekskleppolski.it\/wp-content\/uploads\/2023\/01\/maslo_klarowane_mlekovita.jpeg","type":"image\/jpeg"}],"twitter_card":"summary_large_image","twitter_misc":{"Szacowany czas czytania":"1 minuta"},"schema":{"@context":"https:\/\/schema.org","@graph":[{"@type":"WebPage","@id":"https:\/\/karolekskleppolski.it\/product\/maslo-klarowane-mlekovita\/","url":"https:\/\/karolekskleppolski.it\/product\/maslo-klarowane-mlekovita\/","name":"Mas\u0142o klarowane Mlekovita - Karolek Sklep Polski","isPartOf":{"@id":"https:\/\/karolekskleppolski.it\/#website"},"primaryImageOfPage":{"@id":"https:\/\/karolekskleppolski.it\/product\/maslo-klarowane-mlekovita\/#primaryimage"},"image":{"@id":"https:\/\/karolekskleppolski.it\/product\/maslo-klarowane-mlekovita\/#primaryimage"},"thumbnailUrl":"https:\/\/karolekskleppolski.it\/wp-content\/uploads\/2023\/01\/maslo_klarowane_mlekovita.jpeg","datePublished":"2023-01-20T07:13:57+00:00","dateModified":"2023-01-20T07:14:29+00:00","breadcrumb":{"@id":"https:\/\/karolekskleppolski.it\/product\/maslo-klarowane-mlekovita\/#breadcrumb"},"inLanguage":"pl-PL","potentialAction":[{"@type":"ReadAction","target":["https:\/\/karolekskleppolski.it\/product\/maslo-klarowane-mlekovita\/"]}]},{"@type":"ImageObject","inLanguage":"pl-PL","@id":"https:\/\/karolekskleppolski.it\/product\/maslo-klarowane-mlekovita\/#primaryimage","url":"https:\/\/karolekskleppolski.it\/wp-content\/uploads\/2023\/01\/maslo_klarowane_mlekovita.jpeg","contentUrl":"https:\/\/karolekskleppolski.it\/wp-content\/uploads\/2023\/01\/maslo_klarowane_mlekovita.jpeg","width":1537,"height":2048},{"@type":"BreadcrumbList","@id":"https:\/\/karolekskleppolski.it\/product\/maslo-klarowane-mlekovita\/#breadcrumb","itemListElement":[{"@type":"ListItem","position":1,"name":"Home","item":"https:\/\/karolekskleppolski.it\/"},{"@type":"ListItem","position":2,"name":"Produkty","item":"https:\/\/karolekskleppolski.it\/pl\/shop\/"},{"@type":"ListItem","position":3,"name":"Mas\u0142o klarowane Mlekovita"}]},{"@type":"WebSite","@id":"https:\/\/karolekskleppolski.it\/#website","url":"https:\/\/karolekskleppolski.it\/","name":"Karolek Sklep Polski","description":"Karolek - sklep z produktami polskimi","potentialAction":[{"@type":"SearchAction","target":{"@type":"EntryPoint","urlTemplate":"https:\/\/karolekskleppolski.it\/?s={search_term_string}"},"query-input":{"@type":"PropertyValueSpecification","valueRequired":true,"valueName":"search_term_string"}}],"inLanguage":"pl-PL"}]}},"jetpack_sharing_enabled":true,"_links":{"self":[{"href":"https:\/\/karolekskleppolski.it\/pl\/wp-json\/wp\/v2\/product\/5924","targetHints":{"allow":["GET"]}}],"collection":[{"href":"https:\/\/karolekskleppolski.it\/pl\/wp-json\/wp\/v2\/product"}],"about":[{"href":"https:\/\/karolekskleppolski.it\/pl\/wp-json\/wp\/v2\/types\/product"}],"replies":[{"embeddable":true,"href":"https:\/\/karolekskleppolski.it\/pl\/wp-json\/wp\/v2\/comments?post=5924"}],"wp:featuredmedia":[{"embeddable":true,"href":"https:\/\/karolekskleppolski.it\/pl\/wp-json\/wp\/v2\/media\/5925"}],"wp:attachment":[{"href":"https:\/\/karolekskleppolski.it\/pl\/wp-json\/wp\/v2\/media?parent=5924"}],"wp:term":[{"taxonomy":"product_brand","embeddable":true,"href":"https:\/\/karolekskleppolski.it\/pl\/wp-json\/wp\/v2\/product_brand?post=5924"},{"taxonomy":"product_cat","embeddable":true,"href":"https:\/\/karolekskleppolski.it\/pl\/wp-json\/wp\/v2\/product_cat?post=5924"},{"taxonomy":"product_tag","embeddable":true,"href":"https:\/\/karolekskleppolski.it\/pl\/wp-json\/wp\/v2\/product_tag?post=5924"}],"curies":[{"name":"wp","href":"https:\/\/api.w.org\/{rel}","templated":true}]}}