{"id":5774,"date":"2023-01-18T19:38:40","date_gmt":"2023-01-18T18:38:40","guid":{"rendered":"http:\/\/wordpress1825678.home.pl\/autoinstalator\/wordpressplugins2\/?post_type=product&#038;p=5774"},"modified":"2023-01-18T19:40:19","modified_gmt":"2023-01-18T18:40:19","slug":"maslo-mlekovita","status":"publish","type":"product","link":"https:\/\/karolekskleppolski.it\/pl\/product\/maslo-mlekovita\/","title":{"rendered":"Mas\u0142o MLEKOVITA"},"content":{"rendered":"<p><strong><b>Rozmiar opakowania<\/b>:<\/strong><\/p>\n<p>200 g<\/p>","protected":false},"excerpt":{"rendered":"<p>Mas\u0142o MLEKOVITA znane jest przede wszystkim ze swojego znakomitego \u015bmietankowego smaku i intensywnego mlecznego aromatu. Charakteryzuje si\u0119 82% zawarto\u015bci\u0105 t\u0142uszczu. Mo\u017ce by\u0107 wykorzystywane zar\u00f3wno do kanapek, jak i sma\u017cenia, a nawet pieczenia. Idealniesprawdza si\u0119 w wielu sytuacjach, gwarantuj\u0105cych satysfakcj\u0119 zar\u00f3wno mniej, jak i bardziej zaawansowanym kucharzom. Nie zawiera \u017cadnych dodatk\u00f3w, jest ca\u0142kowicie naturalne. Podczas jego produkcji wykorzystano wy\u0142\u0105cznie tradycyjne metody, pozwalaj\u0105ce wydoby\u0107 jego prawdziwy smak i zapach, wyczuwalny zaraz po zdj\u0119ciu jego opakowania.<\/p>","protected":false},"featured_media":5775,"comment_status":"open","ping_status":"closed","template":"","meta":{"site-sidebar-layout":"default","site-content-layout":"default","ast-global-header-display":"","ast-main-header-display":"","ast-hfb-above-header-display":"","ast-hfb-below-header-display":"","ast-hfb-mobile-header-display":"","site-post-title":"","ast-breadcrumbs-content":"","ast-featured-img":"","footer-sml-layout":"","theme-transparent-header-meta":"default","adv-header-id-meta":"","stick-header-meta":"","header-above-stick-meta":"","header-main-stick-meta":"","header-below-stick-meta":""},"product_brand":[],"product_cat":[41],"product_tag":[],"class_list":{"0":"post-5774","1":"product","2":"type-product","3":"status-publish","4":"has-post-thumbnail","6":"product_cat-nabial","7":"desktop-align-center","8":"tablet-align-center","9":"mobile-align-center","11":"first","12":"instock","13":"shipping-taxable","14":"purchasable","15":"product-type-simple"},"yoast_head":"<!-- This site is optimized with the Yoast SEO plugin v27.6 - https:\/\/yoast.com\/product\/yoast-seo-wordpress\/ -->\n<title>Mas\u0142o MLEKOVITA - Karolek Sklep Polski<\/title>\n<meta name=\"robots\" content=\"index, follow, max-snippet:-1, max-image-preview:large, max-video-preview:-1\" \/>\n<link rel=\"canonical\" href=\"https:\/\/karolekskleppolski.it\/pl\/product\/maslo-mlekovita\/\" \/>\n<meta property=\"og:locale\" content=\"pl_PL\" \/>\n<meta property=\"og:type\" content=\"article\" \/>\n<meta property=\"og:title\" content=\"Mas\u0142o MLEKOVITA - Karolek Sklep Polski\" \/>\n<meta property=\"og:description\" content=\"Mas\u0142o MLEKOVITA znane jest przede wszystkim ze swojego znakomitego \u015bmietankowego smaku i intensywnego mlecznego aromatu. Charakteryzuje si\u0119 82% zawarto\u015bci\u0105 t\u0142uszczu. Mo\u017ce by\u0107 wykorzystywane zar\u00f3wno do kanapek, jak i sma\u017cenia, a nawet pieczenia. Idealniesprawdza si\u0119 w wielu sytuacjach, gwarantuj\u0105cych satysfakcj\u0119 zar\u00f3wno mniej, jak i bardziej zaawansowanym kucharzom. Nie zawiera \u017cadnych dodatk\u00f3w, jest ca\u0142kowicie naturalne. Podczas jego produkcji wykorzystano wy\u0142\u0105cznie tradycyjne metody, pozwalaj\u0105ce wydoby\u0107 jego prawdziwy smak i zapach, wyczuwalny zaraz po zdj\u0119ciu jego opakowania.\" \/>\n<meta property=\"og:url\" content=\"https:\/\/karolekskleppolski.it\/pl\/product\/maslo-mlekovita\/\" \/>\n<meta property=\"og:site_name\" content=\"Karolek Sklep Polski\" \/>\n<meta property=\"article:publisher\" content=\"https:\/\/www.facebook.com\/profile.php?id=100063585930649\" \/>\n<meta property=\"article:modified_time\" content=\"2023-01-18T18:40:19+00:00\" \/>\n<meta property=\"og:image\" content=\"https:\/\/karolekskleppolski.it\/wp-content\/uploads\/2023\/01\/maslo_mlekovita.webp\" \/>\n\t<meta property=\"og:image:width\" content=\"524\" \/>\n\t<meta property=\"og:image:height\" content=\"524\" \/>\n\t<meta property=\"og:image:type\" content=\"image\/webp\" \/>\n<meta name=\"twitter:card\" content=\"summary_large_image\" \/>\n<meta name=\"twitter:label1\" content=\"Szacowany czas czytania\" \/>\n\t<meta name=\"twitter:data1\" content=\"1 minuta\" \/>\n<script type=\"application\/ld+json\" class=\"yoast-schema-graph\">{\"@context\":\"https:\\\/\\\/schema.org\",\"@graph\":[{\"@type\":\"WebPage\",\"@id\":\"https:\\\/\\\/karolekskleppolski.it\\\/product\\\/maslo-mlekovita\\\/\",\"url\":\"https:\\\/\\\/karolekskleppolski.it\\\/product\\\/maslo-mlekovita\\\/\",\"name\":\"Mas\u0142o MLEKOVITA - Karolek Sklep Polski\",\"isPartOf\":{\"@id\":\"https:\\\/\\\/karolekskleppolski.it\\\/#website\"},\"primaryImageOfPage\":{\"@id\":\"https:\\\/\\\/karolekskleppolski.it\\\/product\\\/maslo-mlekovita\\\/#primaryimage\"},\"image\":{\"@id\":\"https:\\\/\\\/karolekskleppolski.it\\\/product\\\/maslo-mlekovita\\\/#primaryimage\"},\"thumbnailUrl\":\"https:\\\/\\\/karolekskleppolski.it\\\/wp-content\\\/uploads\\\/2023\\\/01\\\/maslo_mlekovita.webp\",\"datePublished\":\"2023-01-18T18:38:40+00:00\",\"dateModified\":\"2023-01-18T18:40:19+00:00\",\"breadcrumb\":{\"@id\":\"https:\\\/\\\/karolekskleppolski.it\\\/product\\\/maslo-mlekovita\\\/#breadcrumb\"},\"inLanguage\":\"pl-PL\",\"potentialAction\":[{\"@type\":\"ReadAction\",\"target\":[\"https:\\\/\\\/karolekskleppolski.it\\\/product\\\/maslo-mlekovita\\\/\"]}]},{\"@type\":\"ImageObject\",\"inLanguage\":\"pl-PL\",\"@id\":\"https:\\\/\\\/karolekskleppolski.it\\\/product\\\/maslo-mlekovita\\\/#primaryimage\",\"url\":\"https:\\\/\\\/karolekskleppolski.it\\\/wp-content\\\/uploads\\\/2023\\\/01\\\/maslo_mlekovita.webp\",\"contentUrl\":\"https:\\\/\\\/karolekskleppolski.it\\\/wp-content\\\/uploads\\\/2023\\\/01\\\/maslo_mlekovita.webp\",\"width\":524,\"height\":524},{\"@type\":\"BreadcrumbList\",\"@id\":\"https:\\\/\\\/karolekskleppolski.it\\\/product\\\/maslo-mlekovita\\\/#breadcrumb\",\"itemListElement\":[{\"@type\":\"ListItem\",\"position\":1,\"name\":\"Home\",\"item\":\"https:\\\/\\\/karolekskleppolski.it\\\/\"},{\"@type\":\"ListItem\",\"position\":2,\"name\":\"Produkty\",\"item\":\"https:\\\/\\\/karolekskleppolski.it\\\/pl\\\/shop\\\/\"},{\"@type\":\"ListItem\",\"position\":3,\"name\":\"Mas\u0142o MLEKOVITA\"}]},{\"@type\":\"WebSite\",\"@id\":\"https:\\\/\\\/karolekskleppolski.it\\\/#website\",\"url\":\"https:\\\/\\\/karolekskleppolski.it\\\/\",\"name\":\"Karolek Sklep Polski\",\"description\":\"Karolek - sklep z produktami polskimi\",\"potentialAction\":[{\"@type\":\"SearchAction\",\"target\":{\"@type\":\"EntryPoint\",\"urlTemplate\":\"https:\\\/\\\/karolekskleppolski.it\\\/?s={search_term_string}\"},\"query-input\":{\"@type\":\"PropertyValueSpecification\",\"valueRequired\":true,\"valueName\":\"search_term_string\"}}],\"inLanguage\":\"pl-PL\"}]}<\/script>\n<!-- \/ Yoast SEO plugin. -->","yoast_head_json":{"title":"Mas\u0142o MLEKOVITA - Karolek Sklep Polski","robots":{"index":"index","follow":"follow","max-snippet":"max-snippet:-1","max-image-preview":"max-image-preview:large","max-video-preview":"max-video-preview:-1"},"canonical":"https:\/\/karolekskleppolski.it\/pl\/product\/maslo-mlekovita\/","og_locale":"pl_PL","og_type":"article","og_title":"Mas\u0142o MLEKOVITA - Karolek Sklep Polski","og_description":"Mas\u0142o MLEKOVITA znane jest przede wszystkim ze swojego znakomitego \u015bmietankowego smaku i intensywnego mlecznego aromatu. Charakteryzuje si\u0119 82% zawarto\u015bci\u0105 t\u0142uszczu. Mo\u017ce by\u0107 wykorzystywane zar\u00f3wno do kanapek, jak i sma\u017cenia, a nawet pieczenia. Idealniesprawdza si\u0119 w wielu sytuacjach, gwarantuj\u0105cych satysfakcj\u0119 zar\u00f3wno mniej, jak i bardziej zaawansowanym kucharzom. Nie zawiera \u017cadnych dodatk\u00f3w, jest ca\u0142kowicie naturalne. Podczas jego produkcji wykorzystano wy\u0142\u0105cznie tradycyjne metody, pozwalaj\u0105ce wydoby\u0107 jego prawdziwy smak i zapach, wyczuwalny zaraz po zdj\u0119ciu jego opakowania.","og_url":"https:\/\/karolekskleppolski.it\/pl\/product\/maslo-mlekovita\/","og_site_name":"Karolek Sklep Polski","article_publisher":"https:\/\/www.facebook.com\/profile.php?id=100063585930649","article_modified_time":"2023-01-18T18:40:19+00:00","og_image":[{"width":524,"height":524,"url":"https:\/\/karolekskleppolski.it\/wp-content\/uploads\/2023\/01\/maslo_mlekovita.webp","type":"image\/webp"}],"twitter_card":"summary_large_image","twitter_misc":{"Szacowany czas czytania":"1 minuta"},"schema":{"@context":"https:\/\/schema.org","@graph":[{"@type":"WebPage","@id":"https:\/\/karolekskleppolski.it\/product\/maslo-mlekovita\/","url":"https:\/\/karolekskleppolski.it\/product\/maslo-mlekovita\/","name":"Mas\u0142o MLEKOVITA - Karolek Sklep Polski","isPartOf":{"@id":"https:\/\/karolekskleppolski.it\/#website"},"primaryImageOfPage":{"@id":"https:\/\/karolekskleppolski.it\/product\/maslo-mlekovita\/#primaryimage"},"image":{"@id":"https:\/\/karolekskleppolski.it\/product\/maslo-mlekovita\/#primaryimage"},"thumbnailUrl":"https:\/\/karolekskleppolski.it\/wp-content\/uploads\/2023\/01\/maslo_mlekovita.webp","datePublished":"2023-01-18T18:38:40+00:00","dateModified":"2023-01-18T18:40:19+00:00","breadcrumb":{"@id":"https:\/\/karolekskleppolski.it\/product\/maslo-mlekovita\/#breadcrumb"},"inLanguage":"pl-PL","potentialAction":[{"@type":"ReadAction","target":["https:\/\/karolekskleppolski.it\/product\/maslo-mlekovita\/"]}]},{"@type":"ImageObject","inLanguage":"pl-PL","@id":"https:\/\/karolekskleppolski.it\/product\/maslo-mlekovita\/#primaryimage","url":"https:\/\/karolekskleppolski.it\/wp-content\/uploads\/2023\/01\/maslo_mlekovita.webp","contentUrl":"https:\/\/karolekskleppolski.it\/wp-content\/uploads\/2023\/01\/maslo_mlekovita.webp","width":524,"height":524},{"@type":"BreadcrumbList","@id":"https:\/\/karolekskleppolski.it\/product\/maslo-mlekovita\/#breadcrumb","itemListElement":[{"@type":"ListItem","position":1,"name":"Home","item":"https:\/\/karolekskleppolski.it\/"},{"@type":"ListItem","position":2,"name":"Produkty","item":"https:\/\/karolekskleppolski.it\/pl\/shop\/"},{"@type":"ListItem","position":3,"name":"Mas\u0142o MLEKOVITA"}]},{"@type":"WebSite","@id":"https:\/\/karolekskleppolski.it\/#website","url":"https:\/\/karolekskleppolski.it\/","name":"Karolek Sklep Polski","description":"Karolek - sklep z produktami polskimi","potentialAction":[{"@type":"SearchAction","target":{"@type":"EntryPoint","urlTemplate":"https:\/\/karolekskleppolski.it\/?s={search_term_string}"},"query-input":{"@type":"PropertyValueSpecification","valueRequired":true,"valueName":"search_term_string"}}],"inLanguage":"pl-PL"}]}},"jetpack_sharing_enabled":true,"_links":{"self":[{"href":"https:\/\/karolekskleppolski.it\/pl\/wp-json\/wp\/v2\/product\/5774","targetHints":{"allow":["GET"]}}],"collection":[{"href":"https:\/\/karolekskleppolski.it\/pl\/wp-json\/wp\/v2\/product"}],"about":[{"href":"https:\/\/karolekskleppolski.it\/pl\/wp-json\/wp\/v2\/types\/product"}],"replies":[{"embeddable":true,"href":"https:\/\/karolekskleppolski.it\/pl\/wp-json\/wp\/v2\/comments?post=5774"}],"wp:featuredmedia":[{"embeddable":true,"href":"https:\/\/karolekskleppolski.it\/pl\/wp-json\/wp\/v2\/media\/5775"}],"wp:attachment":[{"href":"https:\/\/karolekskleppolski.it\/pl\/wp-json\/wp\/v2\/media?parent=5774"}],"wp:term":[{"taxonomy":"product_brand","embeddable":true,"href":"https:\/\/karolekskleppolski.it\/pl\/wp-json\/wp\/v2\/product_brand?post=5774"},{"taxonomy":"product_cat","embeddable":true,"href":"https:\/\/karolekskleppolski.it\/pl\/wp-json\/wp\/v2\/product_cat?post=5774"},{"taxonomy":"product_tag","embeddable":true,"href":"https:\/\/karolekskleppolski.it\/pl\/wp-json\/wp\/v2\/product_tag?post=5774"}],"curies":[{"name":"wp","href":"https:\/\/api.w.org\/{rel}","templated":true}]}}